{"id":16650,"date":"2020-02-24T22:15:15","date_gmt":"2020-02-24T22:15:15","guid":{"rendered":"https:\/\/demo01.houzez.co\/?page_id=16650"},"modified":"2025-09-30T19:20:26","modified_gmt":"2025-09-30T19:20:26","slug":"nosotros","status":"publish","type":"page","link":"https:\/\/universogestion.cl\/propiedades\/nosotros\/","title":{"rendered":"Nosotros"},"content":{"rendered":"\t\t<div data-elementor-type=\"wp-page\" data-elementor-id=\"16650\" class=\"elementor elementor-16650\" data-elementor-post-type=\"page\">\n\t\t\t\t\t\t<section class=\"elementor-section elementor-top-section elementor-element elementor-element-5b81e21 elementor-section-height-min-height animated-slow elementor-section-boxed elementor-section-height-default elementor-section-items-middle elementor-invisible\" data-id=\"5b81e21\" data-element_type=\"section\" data-settings=\"{&quot;background_background&quot;:&quot;classic&quot;,&quot;animation&quot;:&quot;fadeIn&quot;}\">\n\t\t\t\t\t\t\t<div class=\"elementor-background-overlay\"><\/div>\n\t\t\t\t\t\t\t<div class=\"elementor-container elementor-column-gap-default\">\n\t\t\t\t\t<div class=\"elementor-column elementor-col-100 elementor-top-column elementor-element elementor-element-ad367f8\" data-id=\"ad367f8\" data-element_type=\"column\">\n\t\t\t<div class=\"elementor-widget-wrap elementor-element-populated\">\n\t\t\t\t\t\t<div class=\"elementor-element elementor-element-0e7939f elementor-widget elementor-widget-heading\" data-id=\"0e7939f\" data-element_type=\"widget\" data-widget_type=\"heading.default\">\n\t\t\t\t\t<h1 class=\"elementor-heading-title elementor-size-default\">Nosotros<\/h1>\t\t\t\t<\/div>\n\t\t\t\t\t<\/div>\n\t\t<\/div>\n\t\t\t\t\t<\/div>\n\t\t<\/section>\n\t\t\t\t<section class=\"elementor-section elementor-top-section elementor-element elementor-element-09038dc elementor-section-boxed elementor-section-height-default elementor-section-height-default\" data-id=\"09038dc\" data-element_type=\"section\" data-settings=\"{&quot;background_background&quot;:&quot;classic&quot;}\">\n\t\t\t\t\t\t<div class=\"elementor-container elementor-column-gap-default\">\n\t\t\t\t\t<div class=\"elementor-column elementor-col-100 elementor-top-column elementor-element elementor-element-c8278ac\" data-id=\"c8278ac\" data-element_type=\"column\">\n\t\t\t<div class=\"elementor-widget-wrap elementor-element-populated\">\n\t\t\t\t\t\t<div class=\"elementor-element elementor-element-3271868 elementor-widget elementor-widget-spacer\" data-id=\"3271868\" data-element_type=\"widget\" data-widget_type=\"spacer.default\">\n\t\t\t\t\t\t\t<div class=\"elementor-spacer\">\n\t\t\t<div class=\"elementor-spacer-inner\"><\/div>\n\t\t<\/div>\n\t\t\t\t\t\t<\/div>\n\t\t\t\t<div class=\"elementor-element elementor-element-e7372b6 animated-slow elementor-invisible elementor-widget elementor-widget-houzez_elementor_section_title\" data-id=\"e7372b6\" data-element_type=\"widget\" data-settings=\"{&quot;_animation&quot;:&quot;fadeIn&quot;}\" data-widget_type=\"houzez_elementor_section_title.default\">\n\t\t\t\t<div class=\"elementor-widget-container\">\n\t\t\t\t\t            <div class=\"houzez_section_title_wrap section-title-module\">\n                                    <h2 class=\"houzez_section_title\">Compromiso, Transparencia y Profesionalismo\n<\/h2>\n                \n                            <\/div>\n            \t\t\t\t<\/div>\n\t\t\t\t<\/div>\n\t\t\t\t<div class=\"elementor-element elementor-element-69fe9b8 elementor-widget elementor-widget-text-editor\" data-id=\"69fe9b8\" data-element_type=\"widget\" data-widget_type=\"text-editor.default\">\n\t\t\t\t\t\t\t\t\t<p><b>Somos una empresa familiar<\/b> ofrecemos un servicio de excelencia y calidad asesorando en forma personalizada a nuestros clientes para lograr cumplir con todas sus necesidades y expectativas. Acompa\u00f1\u00e1ndolos durante todo el proceso de compra y venta de la propiedad porque sabemos que un hogar es mucho m\u00e1s que un espacio f\u00edsico.<\/p><p>Sabemos que impactamos vidas. En este sentido, nuestra misi\u00f3n principal es ofrecer una asesor\u00eda inmobiliaria premium, que supere las expectativas.<\/p><p>Cuidamos cada detalle, desde la captaci\u00f3n hasta la entrega de llaves, para resaltar el verdadero potencial de cada espacio. Nos enorgullece ofrecer un servicio cercano, creativo y efectivo que trasciende el simple acto de vender.<\/p><p>Nuestro principal objetivo es entregar un servicio personalizado para cada uno de nuestros clientes y transformar la b\u00fasqueda y venta de su nuevo hogar en una experiencia agradable y lo menos estresante posible.<\/p>\t\t\t\t\t\t\t\t<\/div>\n\t\t\t\t<div class=\"elementor-element elementor-element-89a95a6 elementor-widget elementor-widget-spacer\" data-id=\"89a95a6\" data-element_type=\"widget\" data-widget_type=\"spacer.default\">\n\t\t\t\t\t\t\t<div class=\"elementor-spacer\">\n\t\t\t<div class=\"elementor-spacer-inner\"><\/div>\n\t\t<\/div>\n\t\t\t\t\t\t<\/div>\n\t\t\t\t\t<\/div>\n\t\t<\/div>\n\t\t\t\t\t<\/div>\n\t\t<\/section>\n\t\t\t\t<section class=\"elementor-section elementor-top-section elementor-element elementor-element-dcb9a9c elementor-section-content-middle elementor-section-stretched elementor-section-full_width elementor-section-height-default elementor-section-height-default\" data-id=\"dcb9a9c\" data-element_type=\"section\" data-settings=\"{&quot;stretch_section&quot;:&quot;section-stretched&quot;,&quot;background_background&quot;:&quot;classic&quot;}\">\n\t\t\t\t\t\t\t<div class=\"elementor-background-overlay\"><\/div>\n\t\t\t\t\t\t\t<div class=\"elementor-container elementor-column-gap-wide\">\n\t\t\t\t\t<div class=\"elementor-column elementor-col-100 elementor-top-column elementor-element elementor-element-e550c9a\" data-id=\"e550c9a\" data-element_type=\"column\">\n\t\t\t<div class=\"elementor-widget-wrap elementor-element-populated\">\n\t\t\t\t\t\t<div class=\"elementor-element elementor-element-b526b91 elementor-widget elementor-widget-houzez_elementor_space\" data-id=\"b526b91\" data-element_type=\"widget\" data-widget_type=\"houzez_elementor_space.default\">\n\t\t\t\t<div class=\"elementor-widget-container\">\n\t\t\t\t\t        <div class=\"houzez-spacer\">\n            <div class=\"houzez-spacer-inner\"><\/div>\n        <\/div>\n        \t\t\t\t<\/div>\n\t\t\t\t<\/div>\n\t\t\t\t<section class=\"elementor-section elementor-inner-section elementor-element elementor-element-b2612dc elementor-section-boxed elementor-section-height-default elementor-section-height-default\" data-id=\"b2612dc\" data-element_type=\"section\">\n\t\t\t\t\t\t<div class=\"elementor-container elementor-column-gap-extended\">\n\t\t\t\t\t<div class=\"elementor-column elementor-col-100 elementor-inner-column elementor-element elementor-element-4328968\" data-id=\"4328968\" data-element_type=\"column\">\n\t\t\t<div class=\"elementor-widget-wrap elementor-element-populated\">\n\t\t\t\t\t\t<div class=\"elementor-element elementor-element-2752dba animated-slow elementor-invisible elementor-widget elementor-widget-houzez_elementor_section_title\" data-id=\"2752dba\" data-element_type=\"widget\" data-settings=\"{&quot;_animation&quot;:&quot;fadeIn&quot;}\" data-widget_type=\"houzez_elementor_section_title.default\">\n\t\t\t\t<div class=\"elementor-widget-container\">\n\t\t\t\t\t            <div class=\"houzez_section_title_wrap section-title-module\">\n                                    <h2 class=\"houzez_section_title\">Nuestros Clientes<\/h2>\n                \n                                    <p class=\"houzez_section_subtitle\">Clientes que han vendido o arrendado con nosotros\n<\/p>\n                            <\/div>\n            \t\t\t\t<\/div>\n\t\t\t\t<\/div>\n\t\t\t\t<div class=\"elementor-element elementor-element-91b1f9e animated-slow elementor-invisible elementor-widget elementor-widget-houzez_elementor_testimonials_v2\" data-id=\"91b1f9e\" data-element_type=\"widget\" data-settings=\"{&quot;_animation&quot;:&quot;fadeIn&quot;}\" data-widget_type=\"houzez_elementor_testimonials_v2.default\">\n\t\t\t\t<div class=\"elementor-widget-container\">\n\t\t\t\t\t\n            <div class=\"testimonials-module testimonials-module-v2\">\n                <div class=\"row\">\n                    \n                            <div class=\"col-md-4 col-sm-12\">\n                                <div class=\"testimonial-item testimonial-item-v2 mb-4\">\n\t<div class=\"testimonial-icon mb-2\">\n\t\t<i class=\"houzez-icon icon-close-quote\"><\/i>\n\t<\/div><!-- testimonial-icon -->\n\t<div class=\"testimonial-body mb-4\">\n\t\tExcelente servicio. Muy comprometidos con la atenci\u00f3n al cliente, siempre te mantienen informado y con una gran calidad de atenci\u00f3n.\t<\/div><!-- testimonial-body -->\n\t<div class=\"d-flex align-items-center\">\n\t\t\n\t\t\t        <div class=\"testimonial-thumb mb-0 me-4\">\n\t            <img decoding=\"async\" width=\"70\" height=\"70\" src=\"https:\/\/universogestion.cl\/propiedades\/wp-content\/uploads\/2020\/02\/64.jpg\" class=\"img-fluid rounded-circle\" alt=\"\" srcset=\"\" \/>\t        <\/div>\n\t    \t\n\n\t\t<div class=\"testimonial-info\">\n\t\t\t<strong class=\"testimonial-name\">Rodrigo Gonzalez<\/strong><br>\n\t\t\t<em class=\"testimonial-job\">Arrendador<\/em>\n\t\t<\/div><!-- testimonial-info -->\n\t<\/div><!-- d-flex -->\n<\/div><!-- testimonial-item -->                            <\/div>\n                    \n                            <div class=\"col-md-4 col-sm-12\">\n                                <div class=\"testimonial-item testimonial-item-v2 mb-4\">\n\t<div class=\"testimonial-icon mb-2\">\n\t\t<i class=\"houzez-icon icon-close-quote\"><\/i>\n\t<\/div><!-- testimonial-icon -->\n\t<div class=\"testimonial-body mb-4\">\n\t\tRecomiendo el profesionalismo y dedicaci\u00f3n que otorgan a sus clientes.\t<\/div><!-- testimonial-body -->\n\t<div class=\"d-flex align-items-center\">\n\t\t\n\t\t\t        <div class=\"testimonial-thumb mb-0 me-4\">\n\t            <img decoding=\"async\" width=\"70\" height=\"70\" src=\"https:\/\/universogestion.cl\/propiedades\/wp-content\/uploads\/2020\/02\/48.jpg\" class=\"img-fluid rounded-circle\" alt=\"\" srcset=\"\" \/>\t        <\/div>\n\t    \t\n\n\t\t<div class=\"testimonial-info\">\n\t\t\t<strong class=\"testimonial-name\">Paula<\/strong><br>\n\t\t\t<em class=\"testimonial-job\">Vendedora<\/em>\n\t\t<\/div><!-- testimonial-info -->\n\t<\/div><!-- d-flex -->\n<\/div><!-- testimonial-item -->                            <\/div>\n                    \n                            <div class=\"col-md-4 col-sm-12\">\n                                <div class=\"testimonial-item testimonial-item-v2 mb-4\">\n\t<div class=\"testimonial-icon mb-2\">\n\t\t<i class=\"houzez-icon icon-close-quote\"><\/i>\n\t<\/div><!-- testimonial-icon -->\n\t<div class=\"testimonial-body mb-4\">\n\t\tUn Equipo Muy Profesional. Tengo la oportunidad de conocer a su Broker con una gran trayectoria en venta de propiedades\t<\/div><!-- testimonial-body -->\n\t<div class=\"d-flex align-items-center\">\n\t\t\n\t\t\t        <div class=\"testimonial-thumb mb-0 me-4\">\n\t            <img decoding=\"async\" width=\"70\" height=\"70\" src=\"https:\/\/universogestion.cl\/propiedades\/wp-content\/uploads\/2020\/02\/44.jpg\" class=\"img-fluid rounded-circle\" alt=\"\" srcset=\"\" \/>\t        <\/div>\n\t    \t\n\n\t\t<div class=\"testimonial-info\">\n\t\t\t<strong class=\"testimonial-name\">Patricia Santiba\u00f1ez<\/strong><br>\n\t\t\t<em class=\"testimonial-job\">Vendedora<\/em>\n\t\t<\/div><!-- testimonial-info -->\n\t<\/div><!-- d-flex -->\n<\/div><!-- testimonial-item -->                            <\/div>\n                                    <\/div>\n            <\/div><!-- testimonials-module -->\n\n        \n\n        \t\t\t\t<\/div>\n\t\t\t\t<\/div>\n\t\t\t\t\t<\/div>\n\t\t<\/div>\n\t\t\t\t\t<\/div>\n\t\t<\/section>\n\t\t\t\t<div class=\"elementor-element elementor-element-b8e71c1 elementor-widget elementor-widget-houzez_elementor_space\" data-id=\"b8e71c1\" data-element_type=\"widget\" data-widget_type=\"houzez_elementor_space.default\">\n\t\t\t\t<div class=\"elementor-widget-container\">\n\t\t\t\t\t        <div class=\"houzez-spacer\">\n            <div class=\"houzez-spacer-inner\"><\/div>\n        <\/div>\n        \t\t\t\t<\/div>\n\t\t\t\t<\/div>\n\t\t\t\t\t<\/div>\n\t\t<\/div>\n\t\t\t\t\t<\/div>\n\t\t<\/section>\n\t\t\t\t<\/div>\n\t\t","protected":false},"excerpt":{"rendered":"<p>Nosotros Compromiso, Transparencia y Profesionalismo Somos una empresa familiar ofrecemos un servicio de excelencia y calidad asesorando en forma personalizada a nuestros clientes para lograr cumplir con todas sus necesidades y expectativas. Acompa\u00f1\u00e1ndolos durante todo el proceso de compra y venta de la propiedad porque sabemos que un hogar es mucho m\u00e1s que un espacio [&hellip;]<\/p>\n","protected":false},"author":1,"featured_media":0,"parent":0,"menu_order":0,"comment_status":"closed","ping_status":"closed","template":"template\/template-homepage.php","meta":{"_joinchat":[],"footnotes":""},"class_list":["post-16650","page","type-page","status-publish","hentry"],"_links":{"self":[{"href":"https:\/\/universogestion.cl\/propiedades\/wp-json\/wp\/v2\/pages\/16650","targetHints":{"allow":["GET"]}}],"collection":[{"href":"https:\/\/universogestion.cl\/propiedades\/wp-json\/wp\/v2\/pages"}],"about":[{"href":"https:\/\/universogestion.cl\/propiedades\/wp-json\/wp\/v2\/types\/page"}],"author":[{"embeddable":true,"href":"https:\/\/universogestion.cl\/propiedades\/wp-json\/wp\/v2\/users\/1"}],"replies":[{"embeddable":true,"href":"https:\/\/universogestion.cl\/propiedades\/wp-json\/wp\/v2\/comments?post=16650"}],"version-history":[{"count":8,"href":"https:\/\/universogestion.cl\/propiedades\/wp-json\/wp\/v2\/pages\/16650\/revisions"}],"predecessor-version":[{"id":18065,"href":"https:\/\/universogestion.cl\/propiedades\/wp-json\/wp\/v2\/pages\/16650\/revisions\/18065"}],"wp:attachment":[{"href":"https:\/\/universogestion.cl\/propiedades\/wp-json\/wp\/v2\/media?parent=16650"}],"curies":[{"name":"wp","href":"https:\/\/api.w.org\/{rel}","templated":true}]}}